{"id":35134,"date":"2024-01-17T10:20:41","date_gmt":"2024-01-17T10:20:41","guid":{"rendered":"https:\/\/nostalgic-wescoff.185-125-174-90.plesk.page\/posturi-vacante\/"},"modified":"2024-01-17T10:21:23","modified_gmt":"2024-01-17T10:21:23","slug":"posturi-vacante","status":"publish","type":"page","link":"https:\/\/www.wyssenseilbahnen.com\/ro\/posturi-vacante\/","title":{"rendered":"Posturi vacante"},"content":{"rendered":"\t\t<div data-elementor-type=\"wp-page\" data-elementor-id=\"35134\" class=\"elementor elementor-35134 elementor-33335\" data-elementor-post-type=\"page\">\n\t\t\t\t\t\t<section class=\"elementor-section elementor-top-section elementor-element elementor-element-194758b6 elementor-section-stretched elementor-section-boxed elementor-section-height-default elementor-section-height-default\" data-id=\"194758b6\" data-element_type=\"section\" data-e-type=\"section\" data-settings=\"{&quot;stretch_section&quot;:&quot;section-stretched&quot;,&quot;background_background&quot;:&quot;classic&quot;}\">\n\t\t\t\t\t\t<div class=\"elementor-container elementor-column-gap-default\">\n\t\t\t\t\t<div class=\"elementor-column elementor-col-100 elementor-top-column elementor-element elementor-element-78c7c229\" data-id=\"78c7c229\" data-element_type=\"column\" data-e-type=\"column\" data-settings=\"{&quot;background_background&quot;:&quot;classic&quot;}\">\n\t\t\t<div class=\"elementor-widget-wrap elementor-element-populated\">\n\t\t\t\t\t\t\t<\/div>\n\t\t<\/div>\n\t\t\t\t\t<\/div>\n\t\t<\/section>\n\t\t\t\t<section class=\"elementor-section elementor-top-section elementor-element elementor-element-3f9279b9 elementor-section-full_width elementor-section-stretched elementor-section-height-default elementor-section-height-default\" data-id=\"3f9279b9\" data-element_type=\"section\" data-e-type=\"section\" data-settings=\"{&quot;stretch_section&quot;:&quot;section-stretched&quot;,&quot;background_background&quot;:&quot;classic&quot;}\">\n\t\t\t\t\t\t\t<div class=\"elementor-background-overlay\"><\/div>\n\t\t\t\t\t\t\t<div class=\"elementor-container elementor-column-gap-default\">\n\t\t\t\t\t<div class=\"elementor-column elementor-col-100 elementor-top-column elementor-element elementor-element-42306b33\" data-id=\"42306b33\" data-element_type=\"column\" data-e-type=\"column\">\n\t\t\t<div class=\"elementor-widget-wrap elementor-element-populated\">\n\t\t\t\t\t\t<section class=\"elementor-section elementor-inner-section elementor-element elementor-element-467a39a4 elementor-section-boxed elementor-section-height-default elementor-section-height-default\" data-id=\"467a39a4\" data-element_type=\"section\" data-e-type=\"section\">\n\t\t\t\t\t\t<div class=\"elementor-container elementor-column-gap-default\">\n\t\t\t\t\t<div class=\"elementor-column elementor-col-50 elementor-inner-column elementor-element elementor-element-5f0d9ade\" data-id=\"5f0d9ade\" data-element_type=\"column\" data-e-type=\"column\">\n\t\t\t<div class=\"elementor-widget-wrap elementor-element-populated\">\n\t\t\t\t\t\t<div class=\"elementor-element elementor-element-7f623c23 elementor-widget elementor-widget-spacer\" data-id=\"7f623c23\" data-element_type=\"widget\" data-e-type=\"widget\" data-widget_type=\"spacer.default\">\n\t\t\t\t<div class=\"elementor-widget-container\">\n\t\t\t\t\t\t\t<div class=\"elementor-spacer\">\n\t\t\t<div class=\"elementor-spacer-inner\"><\/div>\n\t\t<\/div>\n\t\t\t\t\t\t<\/div>\n\t\t\t\t<\/div>\n\t\t\t\t<div class=\"elementor-element elementor-element-4256bbda elementor-widget elementor-widget-uael-infobox\" data-id=\"4256bbda\" data-element_type=\"widget\" data-e-type=\"widget\" data-widget_type=\"uael-infobox.default\">\n\t\t\t\t<div class=\"elementor-widget-container\">\n\t\t\t\t\t\n<div class=\"uael-module-content uael-infobox uael-imgicon-style-normal  uael-infobox-left  infobox-has-icon uael-infobox-icon-left-title  uael-infobox-image-valign-top  uael-infobox-link-type-none\">\n\t<div class=\"uael-infobox-left-right-wrap\">\n\t\t\t\t\t\t<div class=\"uael-infobox-content\">\n\t\t\t\t\t\t<div class=\"left-title-image\">\t\t\t\t<div class=\"uael-module-content uael-imgicon-wrap \">\t\t\t\t\t\t\t\t\t\t\t\t\t\t\t\t\t\t<div class=\"uael-icon-wrap elementor-animation-\">\n\t\t\t\t\t\t\t\t<span class=\"uael-icon\">\n\t\t\t\t\t\t\t\t\t<i aria-hidden=\"true\" class=\"fas fa-paperclip\"><\/i>\t\t\t\t\t\t\t\t<\/span>\n\t\t\t\t\t\t\t<\/div>\n\t\t\t\t\t\t\t\n\t\t\t\t\t\t\t\t\t\t\t\t\t\t<\/div>\n\t\t\t\t<div class='uael-infobox-title-wrap'><h2 class=\"uael-infobox-title-prefix elementor-inline-editing\" data-elementor-setting-key=\"infobox_title_prefix\" data-elementor-inline-editing-toolbar=\"basic\" >Posturi vacante<\/h2><h3 class=\"uael-infobox-title elementor-inline-editing\" data-elementor-setting-key=\"infobox_title\" data-elementor-inline-editing-toolbar=\"basic\" >\u00cen prezent, toate posturile sunt ocupate.<\/h3><\/div><\/div>\t\t\t\t\t\t\t\t\t<div class=\"uael-infobox-text-wrap\">\n\t\t\t\t<div class=\"uael-infobox-text elementor-inline-editing\" data-elementor-setting-key=\"infobox_description\" data-elementor-inline-editing-toolbar=\"advanced\">\n\t\t\t\t\tCu toate acestea, suntem \u00eentotdeauna interesa\u021bi de oameni motiva\u021bi \u0219i flexibili, care iubesc natura \u0219i tehnologia.\nDac\u0103 \u00een acest moment nu avem un post vacant afi\u0219at, acesta nu ar trebui s\u0103 fie un motiv pentru a nu ne contacta dac\u0103 sunte\u021bi interesat de un loc de munc\u0103 interesant \u0219i diferit fa\u021b\u0103 de cele avute p\u00e2n\u0103 acum. \nTrimite\u021bi-ne candidatura dvs. dac\u0103 sunte\u021bi \u00een c\u0103utarea unor noi provoc\u0103ri! \n\t\t\t\t<\/div>\n\t\t\t\t\t\n\t\t\t\t\t\t\t<\/div>\n\t\t<\/div>\n\t\t\t<\/div>\n<\/div>\n\t\t\t\t<\/div>\n\t\t\t\t<\/div>\n\t\t\t\t<div class=\"elementor-element elementor-element-52e1aa71 elementor-widget elementor-widget-spacer\" data-id=\"52e1aa71\" data-element_type=\"widget\" data-e-type=\"widget\" data-widget_type=\"spacer.default\">\n\t\t\t\t<div class=\"elementor-widget-container\">\n\t\t\t\t\t\t\t<div class=\"elementor-spacer\">\n\t\t\t<div class=\"elementor-spacer-inner\"><\/div>\n\t\t<\/div>\n\t\t\t\t\t\t<\/div>\n\t\t\t\t<\/div>\n\t\t\t\t<div class=\"elementor-element elementor-element-46004c8c elementor-widget elementor-widget-uael-infobox\" data-id=\"46004c8c\" data-element_type=\"widget\" data-e-type=\"widget\" data-widget_type=\"uael-infobox.default\">\n\t\t\t\t<div class=\"elementor-widget-container\">\n\t\t\t\t\t\n<div class=\"uael-module-content uael-infobox uael-imgicon-style-normal  uael-infobox-left  infobox-has-icon uael-infobox-icon-left-title  uael-infobox-image-valign-top  uael-infobox-link-type-none\">\n\t<div class=\"uael-infobox-left-right-wrap\">\n\t\t\t\t\t\t<div class=\"uael-infobox-content\">\n\t\t\t\t\t\t<div class=\"left-title-image\">\t\t\t\t<div class=\"uael-module-content uael-imgicon-wrap \">\t\t\t\t\t\t\t\t\t\t\t\t\t\t\t\t\t\t<div class=\"uael-icon-wrap elementor-animation-\">\n\t\t\t\t\t\t\t\t<span class=\"uael-icon\">\n\t\t\t\t\t\t\t\t\t<i aria-hidden=\"true\" class=\"fas fa-edit\"><\/i>\t\t\t\t\t\t\t\t<\/span>\n\t\t\t\t\t\t\t<\/div>\n\t\t\t\t\t\t\t\n\t\t\t\t\t\t\t\t\t\t\t\t\t\t<\/div>\n\t\t\t\t<div class='uael-infobox-title-wrap'><h2 class=\"uael-infobox-title-prefix elementor-inline-editing\" data-elementor-setting-key=\"infobox_title_prefix\" data-elementor-inline-editing-toolbar=\"basic\" >Contacta\u021bi<\/h2><\/div><\/div>\t\t\t\t\t\t\t\t\t<div class=\"uael-infobox-text-wrap\">\n\t\t\t\t<div class=\"uael-infobox-text elementor-inline-editing\" data-elementor-setting-key=\"infobox_description\" data-elementor-inline-editing-toolbar=\"advanced\">\n\t\t\t\t\t<b>Wyssen Seilbahnen AG<\/b> <br>\nCH - 3713 Reichenbach i.K. <br>\n+41 33 676 76 76  <br>\n<b> info@wyssen.com<\/b>\t\t\t\t<\/div>\n\t\t\t\t\t\n\t\t\t\t\t\t\t<\/div>\n\t\t<\/div>\n\t\t\t<\/div>\n<\/div>\n\t\t\t\t<\/div>\n\t\t\t\t<\/div>\n\t\t\t\t<div class=\"elementor-element elementor-element-573b7418 elementor-align-left elementor-widget elementor-widget-button\" data-id=\"573b7418\" data-element_type=\"widget\" data-e-type=\"widget\" data-widget_type=\"button.default\">\n\t\t\t\t<div class=\"elementor-widget-container\">\n\t\t\t\t\t\t\t\t\t<div class=\"elementor-button-wrapper\">\n\t\t\t\t\t<a class=\"elementor-button elementor-button-link elementor-size-sm\" href=\"mailto:info@wyssen.com\">\n\t\t\t\t\t\t<span class=\"elementor-button-content-wrapper\">\n\t\t\t\t\t\t<span class=\"elementor-button-icon\">\n\t\t\t\t<i aria-hidden=\"true\" class=\"fas fa-envelope\"><\/i>\t\t\t<\/span>\n\t\t\t\t\t\t\t\t\t<span class=\"elementor-button-text\">Trimitere e-mail<\/span>\n\t\t\t\t\t<\/span>\n\t\t\t\t\t<\/a>\n\t\t\t\t<\/div>\n\t\t\t\t\t\t\t\t<\/div>\n\t\t\t\t<\/div>\n\t\t\t\t<div class=\"elementor-element elementor-element-47f5fa4a elementor-widget elementor-widget-spacer\" data-id=\"47f5fa4a\" data-element_type=\"widget\" data-e-type=\"widget\" data-widget_type=\"spacer.default\">\n\t\t\t\t<div class=\"elementor-widget-container\">\n\t\t\t\t\t\t\t<div class=\"elementor-spacer\">\n\t\t\t<div class=\"elementor-spacer-inner\"><\/div>\n\t\t<\/div>\n\t\t\t\t\t\t<\/div>\n\t\t\t\t<\/div>\n\t\t\t\t\t<\/div>\n\t\t<\/div>\n\t\t\t\t<div class=\"elementor-column elementor-col-50 elementor-inner-column elementor-element elementor-element-5726d522\" data-id=\"5726d522\" data-element_type=\"column\" data-e-type=\"column\">\n\t\t\t<div class=\"elementor-widget-wrap\">\n\t\t\t\t\t\t\t<\/div>\n\t\t<\/div>\n\t\t\t\t\t<\/div>\n\t\t<\/section>\n\t\t\t\t\t<\/div>\n\t\t<\/div>\n\t\t\t\t\t<\/div>\n\t\t<\/section>\n\t\t\t\t<\/div>\n\t\t","protected":false},"excerpt":{"rendered":"<p>Posturi vacante \u00cen prezent, toate posturile sunt ocupate. Cu toate acestea, suntem \u00eentotdeauna interesa\u021bi de oameni motiva\u021bi \u0219i flexibili, care iubesc natura \u0219i tehnologia. Dac\u0103 \u00een acest moment nu avem un post vacant afi\u0219at, acesta nu ar trebui s\u0103 fie un motiv pentru a nu ne contacta dac\u0103 sunte\u021bi interesat de un loc de munc\u0103 [&hellip;]<\/p>\n","protected":false},"author":2,"featured_media":0,"parent":0,"menu_order":0,"comment_status":"closed","ping_status":"closed","template":"","meta":{"site-sidebar-layout":"no-sidebar","site-content-layout":"page-builder","ast-site-content-layout":"full-width-container","site-content-style":"unboxed","site-sidebar-style":"unboxed","ast-global-header-display":"","ast-banner-title-visibility":"","ast-main-header-display":"","ast-hfb-above-header-display":"","ast-hfb-below-header-display":"","ast-hfb-mobile-header-display":"","site-post-title":"disabled","ast-breadcrumbs-content":"","ast-featured-img":"disabled","footer-sml-layout":"","theme-transparent-header-meta":"","adv-header-id-meta":"","stick-header-meta":"","header-above-stick-meta":"","header-main-stick-meta":"","header-below-stick-meta":"","astra-migrate-meta-layouts":"default","ast-page-background-enabled":"default","ast-page-background-meta":{"desktop":{"background-color":"var(--ast-global-color-4)","background-image":"","background-repeat":"repeat","background-position":"center center","background-size":"auto","background-attachment":"scroll","background-type":"","background-media":"","overlay-type":"","overlay-color":"","overlay-opacity":"","overlay-gradient":""},"tablet":{"background-color":"","background-image":"","background-repeat":"repeat","background-position":"center center","background-size":"auto","background-attachment":"scroll","background-type":"","background-media":"","overlay-type":"","overlay-color":"","overlay-opacity":"","overlay-gradient":""},"mobile":{"background-color":"","background-image":"","background-repeat":"repeat","background-position":"center center","background-size":"auto","background-attachment":"scroll","background-type":"","background-media":"","overlay-type":"","overlay-color":"","overlay-opacity":"","overlay-gradient":""}},"ast-content-background-meta":{"desktop":{"background-color":"var(--ast-global-color-5)","background-image":"","background-repeat":"repeat","background-position":"center center","background-size":"auto","background-attachment":"scroll","background-type":"","background-media":"","overlay-type":"","overlay-color":"","overlay-opacity":"","overlay-gradient":""},"tablet":{"background-color":"var(--ast-global-color-5)","background-image":"","background-repeat":"repeat","background-position":"center center","background-size":"auto","background-attachment":"scroll","background-type":"","background-media":"","overlay-type":"","overlay-color":"","overlay-opacity":"","overlay-gradient":""},"mobile":{"background-color":"var(--ast-global-color-5)","background-image":"","background-repeat":"repeat","background-position":"center center","background-size":"auto","background-attachment":"scroll","background-type":"","background-media":"","overlay-type":"","overlay-color":"","overlay-opacity":"","overlay-gradient":""}},"footnotes":""},"class_list":["post-35134","page","type-page","status-publish","hentry"],"yoast_head":"<!-- This site is optimized with the Yoast SEO plugin v27.3 - https:\/\/yoast.com\/product\/yoast-seo-wordpress\/ -->\n<title>Posturi vacante &#8226; Wyssen Seilbahnen AG<\/title>\n<meta name=\"robots\" content=\"index, follow, max-snippet:-1, max-image-preview:large, max-video-preview:-1\" \/>\n<link rel=\"canonical\" href=\"https:\/\/www.wyssenseilbahnen.com\/ro\/posturi-vacante\/\" \/>\n<meta property=\"og:locale\" content=\"ro_RO\" \/>\n<meta property=\"og:type\" content=\"article\" \/>\n<meta property=\"og:title\" content=\"Posturi vacante &#8226; Wyssen Seilbahnen AG\" \/>\n<meta property=\"og:description\" content=\"Posturi vacante \u00cen prezent, toate posturile sunt ocupate. Cu toate acestea, suntem \u00eentotdeauna interesa\u021bi de oameni motiva\u021bi \u0219i flexibili, care iubesc natura \u0219i tehnologia. Dac\u0103 \u00een acest moment nu avem un post vacant afi\u0219at, acesta nu ar trebui s\u0103 fie un motiv pentru a nu ne contacta dac\u0103 sunte\u021bi interesat de un loc de munc\u0103 [&hellip;]\" \/>\n<meta property=\"og:url\" content=\"https:\/\/www.wyssenseilbahnen.com\/ro\/posturi-vacante\/\" \/>\n<meta property=\"og:site_name\" content=\"Wyssen Seilbahnen AG\" \/>\n<meta property=\"article:publisher\" content=\"https:\/\/www.facebook.com\/wyssenseilbahnen\" \/>\n<meta property=\"article:modified_time\" content=\"2024-01-17T10:21:23+00:00\" \/>\n<meta property=\"og:image\" content=\"https:\/\/www.wyssenseilbahnen.com\/wp-content\/uploads\/2024\/01\/Yaost-SEO-Bild.jpg\" \/>\n\t<meta property=\"og:image:width\" content=\"1200\" \/>\n\t<meta property=\"og:image:height\" content=\"675\" \/>\n\t<meta property=\"og:image:type\" content=\"image\/jpeg\" \/>\n<meta name=\"twitter:card\" content=\"summary_large_image\" \/>\n<script type=\"application\/ld+json\" class=\"yoast-schema-graph\">{\"@context\":\"https:\\\/\\\/schema.org\",\"@graph\":[{\"@type\":\"WebPage\",\"@id\":\"https:\\\/\\\/www.wyssenseilbahnen.com\\\/ro\\\/posturi-vacante\\\/\",\"url\":\"https:\\\/\\\/www.wyssenseilbahnen.com\\\/ro\\\/posturi-vacante\\\/\",\"name\":\"Posturi vacante &#8226; Wyssen Seilbahnen AG\",\"isPartOf\":{\"@id\":\"https:\\\/\\\/www.wyssenseilbahnen.com\\\/ro\\\/#website\"},\"datePublished\":\"2024-01-17T10:20:41+00:00\",\"dateModified\":\"2024-01-17T10:21:23+00:00\",\"breadcrumb\":{\"@id\":\"https:\\\/\\\/www.wyssenseilbahnen.com\\\/ro\\\/posturi-vacante\\\/#breadcrumb\"},\"inLanguage\":\"ro-RO\",\"potentialAction\":[{\"@type\":\"ReadAction\",\"target\":[\"https:\\\/\\\/www.wyssenseilbahnen.com\\\/ro\\\/posturi-vacante\\\/\"]}]},{\"@type\":\"BreadcrumbList\",\"@id\":\"https:\\\/\\\/www.wyssenseilbahnen.com\\\/ro\\\/posturi-vacante\\\/#breadcrumb\",\"itemListElement\":[{\"@type\":\"ListItem\",\"position\":1,\"name\":\"Startseite\",\"item\":\"https:\\\/\\\/www.wyssenseilbahnen.com\\\/ro\\\/wyssen-seilbahnen-ag\\\/\"},{\"@type\":\"ListItem\",\"position\":2,\"name\":\"Posturi vacante\"}]},{\"@type\":\"WebSite\",\"@id\":\"https:\\\/\\\/www.wyssenseilbahnen.com\\\/ro\\\/#website\",\"url\":\"https:\\\/\\\/www.wyssenseilbahnen.com\\\/ro\\\/\",\"name\":\"Wyssen Seilbahnen AG\",\"description\":\"Materialtransport in anspruchsvollem Gel\u00e4nde\",\"publisher\":{\"@id\":\"https:\\\/\\\/www.wyssenseilbahnen.com\\\/ro\\\/#organization\"},\"potentialAction\":[{\"@type\":\"SearchAction\",\"target\":{\"@type\":\"EntryPoint\",\"urlTemplate\":\"https:\\\/\\\/www.wyssenseilbahnen.com\\\/ro\\\/?s={search_term_string}\"},\"query-input\":{\"@type\":\"PropertyValueSpecification\",\"valueRequired\":true,\"valueName\":\"search_term_string\"}}],\"inLanguage\":\"ro-RO\"},{\"@type\":\"Organization\",\"@id\":\"https:\\\/\\\/www.wyssenseilbahnen.com\\\/ro\\\/#organization\",\"name\":\"Wyssen Seilbahnen AG\",\"url\":\"https:\\\/\\\/www.wyssenseilbahnen.com\\\/ro\\\/\",\"logo\":{\"@type\":\"ImageObject\",\"inLanguage\":\"ro-RO\",\"@id\":\"https:\\\/\\\/www.wyssenseilbahnen.com\\\/ro\\\/#\\\/schema\\\/logo\\\/image\\\/\",\"url\":\"https:\\\/\\\/www.wyssenseilbahnen.com\\\/wp-content\\\/uploads\\\/2023\\\/08\\\/cropped-wyssen_sb_4c.png\",\"contentUrl\":\"https:\\\/\\\/www.wyssenseilbahnen.com\\\/wp-content\\\/uploads\\\/2023\\\/08\\\/cropped-wyssen_sb_4c.png\",\"width\":1040,\"height\":155,\"caption\":\"Wyssen Seilbahnen AG\"},\"image\":{\"@id\":\"https:\\\/\\\/www.wyssenseilbahnen.com\\\/ro\\\/#\\\/schema\\\/logo\\\/image\\\/\"},\"sameAs\":[\"https:\\\/\\\/www.facebook.com\\\/wyssenseilbahnen\"]}]}<\/script>\n<!-- \/ Yoast SEO plugin. -->","yoast_head_json":{"title":"Posturi vacante &#8226; Wyssen Seilbahnen AG","robots":{"index":"index","follow":"follow","max-snippet":"max-snippet:-1","max-image-preview":"max-image-preview:large","max-video-preview":"max-video-preview:-1"},"canonical":"https:\/\/www.wyssenseilbahnen.com\/ro\/posturi-vacante\/","og_locale":"ro_RO","og_type":"article","og_title":"Posturi vacante &#8226; Wyssen Seilbahnen AG","og_description":"Posturi vacante \u00cen prezent, toate posturile sunt ocupate. Cu toate acestea, suntem \u00eentotdeauna interesa\u021bi de oameni motiva\u021bi \u0219i flexibili, care iubesc natura \u0219i tehnologia. Dac\u0103 \u00een acest moment nu avem un post vacant afi\u0219at, acesta nu ar trebui s\u0103 fie un motiv pentru a nu ne contacta dac\u0103 sunte\u021bi interesat de un loc de munc\u0103 [&hellip;]","og_url":"https:\/\/www.wyssenseilbahnen.com\/ro\/posturi-vacante\/","og_site_name":"Wyssen Seilbahnen AG","article_publisher":"https:\/\/www.facebook.com\/wyssenseilbahnen","article_modified_time":"2024-01-17T10:21:23+00:00","og_image":[{"width":1200,"height":675,"url":"https:\/\/www.wyssenseilbahnen.com\/wp-content\/uploads\/2024\/01\/Yaost-SEO-Bild.jpg","type":"image\/jpeg"}],"twitter_card":"summary_large_image","schema":{"@context":"https:\/\/schema.org","@graph":[{"@type":"WebPage","@id":"https:\/\/www.wyssenseilbahnen.com\/ro\/posturi-vacante\/","url":"https:\/\/www.wyssenseilbahnen.com\/ro\/posturi-vacante\/","name":"Posturi vacante &#8226; Wyssen Seilbahnen AG","isPartOf":{"@id":"https:\/\/www.wyssenseilbahnen.com\/ro\/#website"},"datePublished":"2024-01-17T10:20:41+00:00","dateModified":"2024-01-17T10:21:23+00:00","breadcrumb":{"@id":"https:\/\/www.wyssenseilbahnen.com\/ro\/posturi-vacante\/#breadcrumb"},"inLanguage":"ro-RO","potentialAction":[{"@type":"ReadAction","target":["https:\/\/www.wyssenseilbahnen.com\/ro\/posturi-vacante\/"]}]},{"@type":"BreadcrumbList","@id":"https:\/\/www.wyssenseilbahnen.com\/ro\/posturi-vacante\/#breadcrumb","itemListElement":[{"@type":"ListItem","position":1,"name":"Startseite","item":"https:\/\/www.wyssenseilbahnen.com\/ro\/wyssen-seilbahnen-ag\/"},{"@type":"ListItem","position":2,"name":"Posturi vacante"}]},{"@type":"WebSite","@id":"https:\/\/www.wyssenseilbahnen.com\/ro\/#website","url":"https:\/\/www.wyssenseilbahnen.com\/ro\/","name":"Wyssen Seilbahnen AG","description":"Materialtransport in anspruchsvollem Gel\u00e4nde","publisher":{"@id":"https:\/\/www.wyssenseilbahnen.com\/ro\/#organization"},"potentialAction":[{"@type":"SearchAction","target":{"@type":"EntryPoint","urlTemplate":"https:\/\/www.wyssenseilbahnen.com\/ro\/?s={search_term_string}"},"query-input":{"@type":"PropertyValueSpecification","valueRequired":true,"valueName":"search_term_string"}}],"inLanguage":"ro-RO"},{"@type":"Organization","@id":"https:\/\/www.wyssenseilbahnen.com\/ro\/#organization","name":"Wyssen Seilbahnen AG","url":"https:\/\/www.wyssenseilbahnen.com\/ro\/","logo":{"@type":"ImageObject","inLanguage":"ro-RO","@id":"https:\/\/www.wyssenseilbahnen.com\/ro\/#\/schema\/logo\/image\/","url":"https:\/\/www.wyssenseilbahnen.com\/wp-content\/uploads\/2023\/08\/cropped-wyssen_sb_4c.png","contentUrl":"https:\/\/www.wyssenseilbahnen.com\/wp-content\/uploads\/2023\/08\/cropped-wyssen_sb_4c.png","width":1040,"height":155,"caption":"Wyssen Seilbahnen AG"},"image":{"@id":"https:\/\/www.wyssenseilbahnen.com\/ro\/#\/schema\/logo\/image\/"},"sameAs":["https:\/\/www.facebook.com\/wyssenseilbahnen"]}]}},"_links":{"self":[{"href":"https:\/\/www.wyssenseilbahnen.com\/ro\/wp-json\/wp\/v2\/pages\/35134","targetHints":{"allow":["GET"]}}],"collection":[{"href":"https:\/\/www.wyssenseilbahnen.com\/ro\/wp-json\/wp\/v2\/pages"}],"about":[{"href":"https:\/\/www.wyssenseilbahnen.com\/ro\/wp-json\/wp\/v2\/types\/page"}],"author":[{"embeddable":true,"href":"https:\/\/www.wyssenseilbahnen.com\/ro\/wp-json\/wp\/v2\/users\/2"}],"replies":[{"embeddable":true,"href":"https:\/\/www.wyssenseilbahnen.com\/ro\/wp-json\/wp\/v2\/comments?post=35134"}],"version-history":[{"count":4,"href":"https:\/\/www.wyssenseilbahnen.com\/ro\/wp-json\/wp\/v2\/pages\/35134\/revisions"}],"predecessor-version":[{"id":35138,"href":"https:\/\/www.wyssenseilbahnen.com\/ro\/wp-json\/wp\/v2\/pages\/35134\/revisions\/35138"}],"wp:attachment":[{"href":"https:\/\/www.wyssenseilbahnen.com\/ro\/wp-json\/wp\/v2\/media?parent=35134"}],"curies":[{"name":"wp","href":"https:\/\/api.w.org\/{rel}","templated":true}]}}