{"id":34942,"date":"2023-12-19T12:48:49","date_gmt":"2023-12-19T12:48:49","guid":{"rendered":"https:\/\/nostalgic-wescoff.185-125-174-90.plesk.page\/caruciorul\/"},"modified":"2024-07-24T05:30:03","modified_gmt":"2024-07-24T05:30:03","slug":"caruciorul","status":"publish","type":"page","link":"https:\/\/www.wyssenseilbahnen.com\/ro\/caruciorul\/","title":{"rendered":"C\u0103ruciorul"},"content":{"rendered":"\t\t<div data-elementor-type=\"wp-page\" data-elementor-id=\"34942\" class=\"elementor elementor-34942 elementor-32003\" data-elementor-post-type=\"page\">\n\t\t\t\t\t\t<section class=\"elementor-section elementor-top-section elementor-element elementor-element-419d8b53 elementor-section-stretched elementor-section-boxed elementor-section-height-default elementor-section-height-default\" data-id=\"419d8b53\" data-element_type=\"section\" data-e-type=\"section\" data-settings=\"{&quot;stretch_section&quot;:&quot;section-stretched&quot;,&quot;background_background&quot;:&quot;classic&quot;}\">\n\t\t\t\t\t\t<div class=\"elementor-container elementor-column-gap-default\">\n\t\t\t\t\t<div class=\"elementor-column elementor-col-100 elementor-top-column elementor-element elementor-element-7e5b238c\" data-id=\"7e5b238c\" data-element_type=\"column\" data-e-type=\"column\" data-settings=\"{&quot;background_background&quot;:&quot;classic&quot;}\">\n\t\t\t<div class=\"elementor-widget-wrap elementor-element-populated\">\n\t\t\t\t\t\t<div class=\"elementor-element elementor-element-bf0c864 elementor-widget elementor-widget-heading\" data-id=\"bf0c864\" data-element_type=\"widget\" data-e-type=\"widget\" data-widget_type=\"heading.default\">\n\t\t\t\t<div class=\"elementor-widget-container\">\n\t\t\t\t\t<h1 class=\"elementor-heading-title elementor-size-default\">C\u0102RUCIORUL<\/h1>\t\t\t\t<\/div>\n\t\t\t\t<\/div>\n\t\t\t\t\t<\/div>\n\t\t<\/div>\n\t\t\t\t\t<\/div>\n\t\t<\/section>\n\t\t\t\t<section class=\"elementor-section elementor-top-section elementor-element elementor-element-71779d45 elementor-section-stretched elementor-section-full_width elementor-section-height-default elementor-section-height-default\" data-id=\"71779d45\" data-element_type=\"section\" data-e-type=\"section\" data-settings=\"{&quot;stretch_section&quot;:&quot;section-stretched&quot;}\">\n\t\t\t\t\t\t\t<div class=\"elementor-background-overlay\"><\/div>\n\t\t\t\t\t\t\t<div class=\"elementor-container elementor-column-gap-default\">\n\t\t\t\t\t<div class=\"elementor-column elementor-col-100 elementor-top-column elementor-element elementor-element-853bf53\" data-id=\"853bf53\" data-element_type=\"column\" data-e-type=\"column\">\n\t\t\t<div class=\"elementor-widget-wrap elementor-element-populated\">\n\t\t\t\t\t\t<div class=\"elementor-element elementor-element-78ceaed4 elementor-widget elementor-widget-spacer\" data-id=\"78ceaed4\" data-element_type=\"widget\" data-e-type=\"widget\" data-widget_type=\"spacer.default\">\n\t\t\t\t<div class=\"elementor-widget-container\">\n\t\t\t\t\t\t\t<div class=\"elementor-spacer\">\n\t\t\t<div class=\"elementor-spacer-inner\"><\/div>\n\t\t<\/div>\n\t\t\t\t\t\t<\/div>\n\t\t\t\t<\/div>\n\t\t\t\t<section class=\"elementor-section elementor-inner-section elementor-element elementor-element-3a0be46b elementor-section-boxed elementor-section-height-default elementor-section-height-default\" data-id=\"3a0be46b\" data-element_type=\"section\" data-e-type=\"section\">\n\t\t\t\t\t\t<div class=\"elementor-container elementor-column-gap-default\">\n\t\t\t\t\t<div class=\"elementor-column elementor-col-50 elementor-inner-column elementor-element elementor-element-83cd796\" data-id=\"83cd796\" data-element_type=\"column\" data-e-type=\"column\">\n\t\t\t<div class=\"elementor-widget-wrap elementor-element-populated\">\n\t\t\t\t\t\t<div class=\"elementor-element elementor-element-2f6685cf elementor-position-top elementor-widget elementor-widget-image-box\" data-id=\"2f6685cf\" data-element_type=\"widget\" data-e-type=\"widget\" data-widget_type=\"image-box.default\">\n\t\t\t\t<div class=\"elementor-widget-container\">\n\t\t\t\t\t<div class=\"elementor-image-box-wrapper\"><figure class=\"elementor-image-box-img\"><a href=\"https:\/\/www.wyssenseilbahnen.com\/ro\/caruciorul\/caruciorul-hy-2\/\" tabindex=\"-1\"><img fetchpriority=\"high\" decoding=\"async\" width=\"1000\" height=\"1000\" src=\"https:\/\/www.wyssenseilbahnen.com\/wp-content\/uploads\/2023\/05\/hy2_menu.jpg\" class=\"attachment-1536x1536 size-1536x1536 wp-image-32323\" alt=\"Laufwagen - HY2 Men\u00fc\" srcset=\"https:\/\/www.wyssenseilbahnen.com\/wp-content\/uploads\/2023\/05\/hy2_menu.jpg 1000w, https:\/\/www.wyssenseilbahnen.com\/wp-content\/uploads\/2023\/05\/hy2_menu-300x300.jpg 300w, https:\/\/www.wyssenseilbahnen.com\/wp-content\/uploads\/2023\/05\/hy2_menu-150x150.jpg 150w, https:\/\/www.wyssenseilbahnen.com\/wp-content\/uploads\/2023\/05\/hy2_menu-768x768.jpg 768w\" sizes=\"(max-width: 1000px) 100vw, 1000px\" \/><\/a><\/figure><div class=\"elementor-image-box-content\"><h4 class=\"elementor-image-box-title\"><a href=\"https:\/\/www.wyssenseilbahnen.com\/ro\/caruciorul\/caruciorul-hy-2\/\">C\u0102RUCIORUL HY-2<\/a><\/h4><p class=\"elementor-image-box-description\"><br>C\u0103ruciorul pentru instala\u021bia mobil\u0103 cu pilon.<\/p><\/div><\/div>\t\t\t\t<\/div>\n\t\t\t\t<\/div>\n\t\t\t\t\t<\/div>\n\t\t<\/div>\n\t\t\t\t<div class=\"elementor-column elementor-col-50 elementor-inner-column elementor-element elementor-element-477e224f\" data-id=\"477e224f\" data-element_type=\"column\" data-e-type=\"column\">\n\t\t\t<div class=\"elementor-widget-wrap elementor-element-populated\">\n\t\t\t\t\t\t<div class=\"elementor-element elementor-element-726ef4c4 elementor-position-top elementor-widget elementor-widget-image-box\" data-id=\"726ef4c4\" data-element_type=\"widget\" data-e-type=\"widget\" data-widget_type=\"image-box.default\">\n\t\t\t\t<div class=\"elementor-widget-container\">\n\t\t\t\t\t<div class=\"elementor-image-box-wrapper\"><figure class=\"elementor-image-box-img\"><a href=\"https:\/\/www.wyssenseilbahnen.com\/ro\/caruciorul\/caruciorul-hy-4-hy-7\/\" tabindex=\"-1\"><img decoding=\"async\" width=\"1000\" height=\"1000\" src=\"https:\/\/www.wyssenseilbahnen.com\/wp-content\/uploads\/2023\/05\/hy4_menu.jpg\" class=\"attachment-1536x1536 size-1536x1536 wp-image-32326\" alt=\"Laufwagen - HY4 Men\u00fc\" srcset=\"https:\/\/www.wyssenseilbahnen.com\/wp-content\/uploads\/2023\/05\/hy4_menu.jpg 1000w, https:\/\/www.wyssenseilbahnen.com\/wp-content\/uploads\/2023\/05\/hy4_menu-300x300.jpg 300w, https:\/\/www.wyssenseilbahnen.com\/wp-content\/uploads\/2023\/05\/hy4_menu-150x150.jpg 150w, https:\/\/www.wyssenseilbahnen.com\/wp-content\/uploads\/2023\/05\/hy4_menu-768x768.jpg 768w\" sizes=\"(max-width: 1000px) 100vw, 1000px\" \/><\/a><\/figure><div class=\"elementor-image-box-content\"><h4 class=\"elementor-image-box-title\"><a href=\"https:\/\/www.wyssenseilbahnen.com\/ro\/caruciorul\/caruciorul-hy-4-hy-7\/\">C\u0102RUCIORUL HY-4 \/ HY-7<\/a><\/h4><p class=\"elementor-image-box-description\"><br> C\u0103ruciorul pentru liniile lungi de Funicular.<\/p><\/div><\/div>\t\t\t\t<\/div>\n\t\t\t\t<\/div>\n\t\t\t\t\t<\/div>\n\t\t<\/div>\n\t\t\t\t\t<\/div>\n\t\t<\/section>\n\t\t\t\t<section class=\"elementor-section elementor-inner-section elementor-element elementor-element-301099e6 elementor-section-boxed elementor-section-height-default elementor-section-height-default\" data-id=\"301099e6\" data-element_type=\"section\" data-e-type=\"section\">\n\t\t\t\t\t\t<div class=\"elementor-container elementor-column-gap-default\">\n\t\t\t\t\t<div class=\"elementor-column elementor-col-50 elementor-inner-column elementor-element elementor-element-5931fca3\" data-id=\"5931fca3\" data-element_type=\"column\" data-e-type=\"column\">\n\t\t\t<div class=\"elementor-widget-wrap elementor-element-populated\">\n\t\t\t\t\t\t<div class=\"elementor-element elementor-element-bb3067c elementor-position-top elementor-widget elementor-widget-image-box\" data-id=\"bb3067c\" data-element_type=\"widget\" data-e-type=\"widget\" data-widget_type=\"image-box.default\">\n\t\t\t\t<div class=\"elementor-widget-container\">\n\t\t\t\t\t<div class=\"elementor-image-box-wrapper\"><figure class=\"elementor-image-box-img\"><a href=\"https:\/\/www.wyssenseilbahnen.com\/ro\/caruciorul\/caruciorul-slackpuller\/\" tabindex=\"-1\"><img decoding=\"async\" width=\"1000\" height=\"1000\" src=\"https:\/\/www.wyssenseilbahnen.com\/wp-content\/uploads\/2023\/05\/slackpuller_menu.jpg\" class=\"attachment-1536x1536 size-1536x1536 wp-image-32329\" alt=\"Laufwagen - Slackpuller Men\u00fc\" srcset=\"https:\/\/www.wyssenseilbahnen.com\/wp-content\/uploads\/2023\/05\/slackpuller_menu.jpg 1000w, https:\/\/www.wyssenseilbahnen.com\/wp-content\/uploads\/2023\/05\/slackpuller_menu-300x300.jpg 300w, https:\/\/www.wyssenseilbahnen.com\/wp-content\/uploads\/2023\/05\/slackpuller_menu-150x150.jpg 150w, https:\/\/www.wyssenseilbahnen.com\/wp-content\/uploads\/2023\/05\/slackpuller_menu-768x768.jpg 768w\" sizes=\"(max-width: 1000px) 100vw, 1000px\" \/><\/a><\/figure><div class=\"elementor-image-box-content\"><h4 class=\"elementor-image-box-title\"><a href=\"https:\/\/www.wyssenseilbahnen.com\/ro\/caruciorul\/caruciorul-slackpuller\/\">C\u0102RUCIORUL SLACKPULLER<\/a><\/h4><p class=\"elementor-image-box-description\"><br>C\u0103ruciorul Motorizat Slackpuller este proiectat at\u0103t pentru linii lungi de Funicular sta\u021bionar, c\u0103t \u0219i pentru instala\u021biile mobile, mai scurte.<\/p><\/div><\/div>\t\t\t\t<\/div>\n\t\t\t\t<\/div>\n\t\t\t\t\t<\/div>\n\t\t<\/div>\n\t\t\t\t<div class=\"elementor-column elementor-col-50 elementor-inner-column elementor-element elementor-element-49b67b72\" data-id=\"49b67b72\" data-element_type=\"column\" data-e-type=\"column\">\n\t\t\t<div class=\"elementor-widget-wrap elementor-element-populated\">\n\t\t\t\t\t\t<div class=\"elementor-element elementor-element-43841135 elementor-position-top elementor-widget elementor-widget-image-box\" data-id=\"43841135\" data-element_type=\"widget\" data-e-type=\"widget\" data-widget_type=\"image-box.default\">\n\t\t\t\t<div class=\"elementor-widget-container\">\n\t\t\t\t\t<div class=\"elementor-image-box-wrapper\"><figure class=\"elementor-image-box-img\"><a href=\"https:\/\/www.wyssenseilbahnen.com\/ro\/caruciorul\/caruciorul-universal\/\" tabindex=\"-1\"><img loading=\"lazy\" decoding=\"async\" width=\"1000\" height=\"1000\" src=\"https:\/\/www.wyssenseilbahnen.com\/wp-content\/uploads\/2023\/05\/lw_universal_menu.jpg\" class=\"attachment-1536x1536 size-1536x1536 wp-image-32335\" alt=\"Laufwagen - Universal Men\u00fc\" srcset=\"https:\/\/www.wyssenseilbahnen.com\/wp-content\/uploads\/2023\/05\/lw_universal_menu.jpg 1000w, https:\/\/www.wyssenseilbahnen.com\/wp-content\/uploads\/2023\/05\/lw_universal_menu-300x300.jpg 300w, https:\/\/www.wyssenseilbahnen.com\/wp-content\/uploads\/2023\/05\/lw_universal_menu-150x150.jpg 150w, https:\/\/www.wyssenseilbahnen.com\/wp-content\/uploads\/2023\/05\/lw_universal_menu-768x768.jpg 768w\" sizes=\"(max-width: 1000px) 100vw, 1000px\" \/><\/a><\/figure><div class=\"elementor-image-box-content\"><h4 class=\"elementor-image-box-title\"><a href=\"https:\/\/www.wyssenseilbahnen.com\/ro\/caruciorul\/caruciorul-universal\/\">C\u0102RUCIORUL UNIVERSAL<\/a><\/h4><p class=\"elementor-image-box-description\"><br>C\u0103ruciorul pentru Lucrul cu 2 Sau 3 Cabluri<\/p><\/div><\/div>\t\t\t\t<\/div>\n\t\t\t\t<\/div>\n\t\t\t\t\t<\/div>\n\t\t<\/div>\n\t\t\t\t\t<\/div>\n\t\t<\/section>\n\t\t\t\t<div class=\"elementor-element elementor-element-69aa3352 elementor-widget elementor-widget-spacer\" data-id=\"69aa3352\" data-element_type=\"widget\" data-e-type=\"widget\" data-widget_type=\"spacer.default\">\n\t\t\t\t<div class=\"elementor-widget-container\">\n\t\t\t\t\t\t\t<div class=\"elementor-spacer\">\n\t\t\t<div class=\"elementor-spacer-inner\"><\/div>\n\t\t<\/div>\n\t\t\t\t\t\t<\/div>\n\t\t\t\t<\/div>\n\t\t\t\t\t<\/div>\n\t\t<\/div>\n\t\t\t\t\t<\/div>\n\t\t<\/section>\n\t\t\t\t<\/div>\n\t\t","protected":false},"excerpt":{"rendered":"<p>C\u0102RUCIORUL C\u0102RUCIORUL HY-2 C\u0103ruciorul pentru instala\u021bia mobil\u0103 cu pilon. C\u0102RUCIORUL HY-4 \/ HY-7 C\u0103ruciorul pentru liniile lungi de Funicular. C\u0102RUCIORUL SLACKPULLER C\u0103ruciorul Motorizat Slackpuller este proiectat at\u0103t pentru linii lungi de Funicular sta\u021bionar, c\u0103t \u0219i pentru instala\u021biile mobile, mai scurte. C\u0102RUCIORUL UNIVERSAL C\u0103ruciorul pentru Lucrul cu 2 Sau 3 Cabluri<\/p>\n","protected":false},"author":2,"featured_media":0,"parent":0,"menu_order":0,"comment_status":"closed","ping_status":"closed","template":"","meta":{"site-sidebar-layout":"no-sidebar","site-content-layout":"page-builder","ast-site-content-layout":"full-width-container","site-content-style":"unboxed","site-sidebar-style":"unboxed","ast-global-header-display":"","ast-banner-title-visibility":"","ast-main-header-display":"","ast-hfb-above-header-display":"","ast-hfb-below-header-display":"","ast-hfb-mobile-header-display":"","site-post-title":"disabled","ast-breadcrumbs-content":"","ast-featured-img":"disabled","footer-sml-layout":"","theme-transparent-header-meta":"","adv-header-id-meta":"","stick-header-meta":"","header-above-stick-meta":"","header-main-stick-meta":"","header-below-stick-meta":"","astra-migrate-meta-layouts":"default","ast-page-background-enabled":"default","ast-page-background-meta":{"desktop":{"background-color":"var(--ast-global-color-4)","background-image":"","background-repeat":"repeat","background-position":"center center","background-size":"auto","background-attachment":"scroll","background-type":"","background-media":"","overlay-type":"","overlay-color":"","overlay-opacity":"","overlay-gradient":""},"tablet":{"background-color":"","background-image":"","background-repeat":"repeat","background-position":"center center","background-size":"auto","background-attachment":"scroll","background-type":"","background-media":"","overlay-type":"","overlay-color":"","overlay-opacity":"","overlay-gradient":""},"mobile":{"background-color":"","background-image":"","background-repeat":"repeat","background-position":"center center","background-size":"auto","background-attachment":"scroll","background-type":"","background-media":"","overlay-type":"","overlay-color":"","overlay-opacity":"","overlay-gradient":""}},"ast-content-background-meta":{"desktop":{"background-color":"var(--ast-global-color-5)","background-image":"","background-repeat":"repeat","background-position":"center center","background-size":"auto","background-attachment":"scroll","background-type":"","background-media":"","overlay-type":"","overlay-color":"","overlay-opacity":"","overlay-gradient":""},"tablet":{"background-color":"var(--ast-global-color-5)","background-image":"","background-repeat":"repeat","background-position":"center center","background-size":"auto","background-attachment":"scroll","background-type":"","background-media":"","overlay-type":"","overlay-color":"","overlay-opacity":"","overlay-gradient":""},"mobile":{"background-color":"var(--ast-global-color-5)","background-image":"","background-repeat":"repeat","background-position":"center center","background-size":"auto","background-attachment":"scroll","background-type":"","background-media":"","overlay-type":"","overlay-color":"","overlay-opacity":"","overlay-gradient":""}},"footnotes":""},"class_list":["post-34942","page","type-page","status-publish","hentry"],"yoast_head":"<!-- This site is optimized with the Yoast SEO plugin v27.5 - https:\/\/yoast.com\/product\/yoast-seo-wordpress\/ -->\n<title>C\u0103ruciorul &#8226; Wyssen Seilbahnen AG<\/title>\n<meta name=\"description\" content=\"Gama noastr\u0103 de c\u0103rucioare include urm\u0103toarele caracteristici: c\u0103rucioare pentru macarale pe cablu mobile, pentru instala\u021bii de transport pe cablu pe distan\u021be lungi \u0219i pentru macarale pe cablu motorizate.\" \/>\n<meta name=\"robots\" content=\"index, follow, max-snippet:-1, max-image-preview:large, max-video-preview:-1\" \/>\n<link rel=\"canonical\" href=\"https:\/\/www.wyssenseilbahnen.com\/ro\/caruciorul\/\" \/>\n<meta property=\"og:locale\" content=\"ro_RO\" \/>\n<meta property=\"og:type\" content=\"article\" \/>\n<meta property=\"og:title\" content=\"C\u0103ruciorul &#8226; Wyssen Seilbahnen AG\" \/>\n<meta property=\"og:description\" content=\"Gama noastr\u0103 de c\u0103rucioare include urm\u0103toarele caracteristici: c\u0103rucioare pentru macarale pe cablu mobile, pentru instala\u021bii de transport pe cablu pe distan\u021be lungi \u0219i pentru macarale pe cablu motorizate.\" \/>\n<meta property=\"og:url\" content=\"https:\/\/www.wyssenseilbahnen.com\/ro\/caruciorul\/\" \/>\n<meta property=\"og:site_name\" content=\"Wyssen Seilbahnen AG\" \/>\n<meta property=\"article:publisher\" content=\"https:\/\/www.facebook.com\/wyssenseilbahnen\" \/>\n<meta property=\"article:modified_time\" content=\"2024-07-24T05:30:03+00:00\" \/>\n<meta property=\"og:image\" content=\"https:\/\/www.wyssenseilbahnen.com\/wp-content\/uploads\/2023\/05\/hy2_menu.jpg\" \/>\n<meta name=\"twitter:card\" content=\"summary_large_image\" \/>\n<script type=\"application\/ld+json\" class=\"yoast-schema-graph\">{\"@context\":\"https:\\\/\\\/schema.org\",\"@graph\":[{\"@type\":\"WebPage\",\"@id\":\"https:\\\/\\\/www.wyssenseilbahnen.com\\\/ro\\\/caruciorul\\\/\",\"url\":\"https:\\\/\\\/www.wyssenseilbahnen.com\\\/ro\\\/caruciorul\\\/\",\"name\":\"C\u0103ruciorul &#8226; Wyssen Seilbahnen AG\",\"isPartOf\":{\"@id\":\"https:\\\/\\\/www.wyssenseilbahnen.com\\\/ro\\\/#website\"},\"primaryImageOfPage\":{\"@id\":\"https:\\\/\\\/www.wyssenseilbahnen.com\\\/ro\\\/caruciorul\\\/#primaryimage\"},\"image\":{\"@id\":\"https:\\\/\\\/www.wyssenseilbahnen.com\\\/ro\\\/caruciorul\\\/#primaryimage\"},\"thumbnailUrl\":\"https:\\\/\\\/www.wyssenseilbahnen.com\\\/wp-content\\\/uploads\\\/2023\\\/05\\\/hy2_menu.jpg\",\"datePublished\":\"2023-12-19T12:48:49+00:00\",\"dateModified\":\"2024-07-24T05:30:03+00:00\",\"description\":\"Gama noastr\u0103 de c\u0103rucioare include urm\u0103toarele caracteristici: c\u0103rucioare pentru macarale pe cablu mobile, pentru instala\u021bii de transport pe cablu pe distan\u021be lungi \u0219i pentru macarale pe cablu motorizate.\",\"breadcrumb\":{\"@id\":\"https:\\\/\\\/www.wyssenseilbahnen.com\\\/ro\\\/caruciorul\\\/#breadcrumb\"},\"inLanguage\":\"ro-RO\",\"potentialAction\":[{\"@type\":\"ReadAction\",\"target\":[\"https:\\\/\\\/www.wyssenseilbahnen.com\\\/ro\\\/caruciorul\\\/\"]}]},{\"@type\":\"ImageObject\",\"inLanguage\":\"ro-RO\",\"@id\":\"https:\\\/\\\/www.wyssenseilbahnen.com\\\/ro\\\/caruciorul\\\/#primaryimage\",\"url\":\"https:\\\/\\\/www.wyssenseilbahnen.com\\\/wp-content\\\/uploads\\\/2023\\\/05\\\/hy2_menu.jpg\",\"contentUrl\":\"https:\\\/\\\/www.wyssenseilbahnen.com\\\/wp-content\\\/uploads\\\/2023\\\/05\\\/hy2_menu.jpg\"},{\"@type\":\"BreadcrumbList\",\"@id\":\"https:\\\/\\\/www.wyssenseilbahnen.com\\\/ro\\\/caruciorul\\\/#breadcrumb\",\"itemListElement\":[{\"@type\":\"ListItem\",\"position\":1,\"name\":\"Startseite\",\"item\":\"https:\\\/\\\/www.wyssenseilbahnen.com\\\/ro\\\/wyssen-seilbahnen-ag\\\/\"},{\"@type\":\"ListItem\",\"position\":2,\"name\":\"C\u0103ruciorul\"}]},{\"@type\":\"WebSite\",\"@id\":\"https:\\\/\\\/www.wyssenseilbahnen.com\\\/ro\\\/#website\",\"url\":\"https:\\\/\\\/www.wyssenseilbahnen.com\\\/ro\\\/\",\"name\":\"Wyssen Seilbahnen AG\",\"description\":\"Materialtransport in anspruchsvollem Gel\u00e4nde\",\"publisher\":{\"@id\":\"https:\\\/\\\/www.wyssenseilbahnen.com\\\/ro\\\/#organization\"},\"potentialAction\":[{\"@type\":\"SearchAction\",\"target\":{\"@type\":\"EntryPoint\",\"urlTemplate\":\"https:\\\/\\\/www.wyssenseilbahnen.com\\\/ro\\\/?s={search_term_string}\"},\"query-input\":{\"@type\":\"PropertyValueSpecification\",\"valueRequired\":true,\"valueName\":\"search_term_string\"}}],\"inLanguage\":\"ro-RO\"},{\"@type\":\"Organization\",\"@id\":\"https:\\\/\\\/www.wyssenseilbahnen.com\\\/ro\\\/#organization\",\"name\":\"Wyssen Seilbahnen AG\",\"url\":\"https:\\\/\\\/www.wyssenseilbahnen.com\\\/ro\\\/\",\"logo\":{\"@type\":\"ImageObject\",\"inLanguage\":\"ro-RO\",\"@id\":\"https:\\\/\\\/www.wyssenseilbahnen.com\\\/ro\\\/#\\\/schema\\\/logo\\\/image\\\/\",\"url\":\"https:\\\/\\\/www.wyssenseilbahnen.com\\\/wp-content\\\/uploads\\\/2023\\\/08\\\/cropped-wyssen_sb_4c.png\",\"contentUrl\":\"https:\\\/\\\/www.wyssenseilbahnen.com\\\/wp-content\\\/uploads\\\/2023\\\/08\\\/cropped-wyssen_sb_4c.png\",\"width\":1040,\"height\":155,\"caption\":\"Wyssen Seilbahnen AG\"},\"image\":{\"@id\":\"https:\\\/\\\/www.wyssenseilbahnen.com\\\/ro\\\/#\\\/schema\\\/logo\\\/image\\\/\"},\"sameAs\":[\"https:\\\/\\\/www.facebook.com\\\/wyssenseilbahnen\"]}]}<\/script>\n<!-- \/ Yoast SEO plugin. -->","yoast_head_json":{"title":"C\u0103ruciorul &#8226; Wyssen Seilbahnen AG","description":"Gama noastr\u0103 de c\u0103rucioare include urm\u0103toarele caracteristici: c\u0103rucioare pentru macarale pe cablu mobile, pentru instala\u021bii de transport pe cablu pe distan\u021be lungi \u0219i pentru macarale pe cablu motorizate.","robots":{"index":"index","follow":"follow","max-snippet":"max-snippet:-1","max-image-preview":"max-image-preview:large","max-video-preview":"max-video-preview:-1"},"canonical":"https:\/\/www.wyssenseilbahnen.com\/ro\/caruciorul\/","og_locale":"ro_RO","og_type":"article","og_title":"C\u0103ruciorul &#8226; Wyssen Seilbahnen AG","og_description":"Gama noastr\u0103 de c\u0103rucioare include urm\u0103toarele caracteristici: c\u0103rucioare pentru macarale pe cablu mobile, pentru instala\u021bii de transport pe cablu pe distan\u021be lungi \u0219i pentru macarale pe cablu motorizate.","og_url":"https:\/\/www.wyssenseilbahnen.com\/ro\/caruciorul\/","og_site_name":"Wyssen Seilbahnen AG","article_publisher":"https:\/\/www.facebook.com\/wyssenseilbahnen","article_modified_time":"2024-07-24T05:30:03+00:00","og_image":[{"url":"https:\/\/www.wyssenseilbahnen.com\/wp-content\/uploads\/2023\/05\/hy2_menu.jpg","type":"","width":"","height":""}],"twitter_card":"summary_large_image","schema":{"@context":"https:\/\/schema.org","@graph":[{"@type":"WebPage","@id":"https:\/\/www.wyssenseilbahnen.com\/ro\/caruciorul\/","url":"https:\/\/www.wyssenseilbahnen.com\/ro\/caruciorul\/","name":"C\u0103ruciorul &#8226; Wyssen Seilbahnen AG","isPartOf":{"@id":"https:\/\/www.wyssenseilbahnen.com\/ro\/#website"},"primaryImageOfPage":{"@id":"https:\/\/www.wyssenseilbahnen.com\/ro\/caruciorul\/#primaryimage"},"image":{"@id":"https:\/\/www.wyssenseilbahnen.com\/ro\/caruciorul\/#primaryimage"},"thumbnailUrl":"https:\/\/www.wyssenseilbahnen.com\/wp-content\/uploads\/2023\/05\/hy2_menu.jpg","datePublished":"2023-12-19T12:48:49+00:00","dateModified":"2024-07-24T05:30:03+00:00","description":"Gama noastr\u0103 de c\u0103rucioare include urm\u0103toarele caracteristici: c\u0103rucioare pentru macarale pe cablu mobile, pentru instala\u021bii de transport pe cablu pe distan\u021be lungi \u0219i pentru macarale pe cablu motorizate.","breadcrumb":{"@id":"https:\/\/www.wyssenseilbahnen.com\/ro\/caruciorul\/#breadcrumb"},"inLanguage":"ro-RO","potentialAction":[{"@type":"ReadAction","target":["https:\/\/www.wyssenseilbahnen.com\/ro\/caruciorul\/"]}]},{"@type":"ImageObject","inLanguage":"ro-RO","@id":"https:\/\/www.wyssenseilbahnen.com\/ro\/caruciorul\/#primaryimage","url":"https:\/\/www.wyssenseilbahnen.com\/wp-content\/uploads\/2023\/05\/hy2_menu.jpg","contentUrl":"https:\/\/www.wyssenseilbahnen.com\/wp-content\/uploads\/2023\/05\/hy2_menu.jpg"},{"@type":"BreadcrumbList","@id":"https:\/\/www.wyssenseilbahnen.com\/ro\/caruciorul\/#breadcrumb","itemListElement":[{"@type":"ListItem","position":1,"name":"Startseite","item":"https:\/\/www.wyssenseilbahnen.com\/ro\/wyssen-seilbahnen-ag\/"},{"@type":"ListItem","position":2,"name":"C\u0103ruciorul"}]},{"@type":"WebSite","@id":"https:\/\/www.wyssenseilbahnen.com\/ro\/#website","url":"https:\/\/www.wyssenseilbahnen.com\/ro\/","name":"Wyssen Seilbahnen AG","description":"Materialtransport in anspruchsvollem Gel\u00e4nde","publisher":{"@id":"https:\/\/www.wyssenseilbahnen.com\/ro\/#organization"},"potentialAction":[{"@type":"SearchAction","target":{"@type":"EntryPoint","urlTemplate":"https:\/\/www.wyssenseilbahnen.com\/ro\/?s={search_term_string}"},"query-input":{"@type":"PropertyValueSpecification","valueRequired":true,"valueName":"search_term_string"}}],"inLanguage":"ro-RO"},{"@type":"Organization","@id":"https:\/\/www.wyssenseilbahnen.com\/ro\/#organization","name":"Wyssen Seilbahnen AG","url":"https:\/\/www.wyssenseilbahnen.com\/ro\/","logo":{"@type":"ImageObject","inLanguage":"ro-RO","@id":"https:\/\/www.wyssenseilbahnen.com\/ro\/#\/schema\/logo\/image\/","url":"https:\/\/www.wyssenseilbahnen.com\/wp-content\/uploads\/2023\/08\/cropped-wyssen_sb_4c.png","contentUrl":"https:\/\/www.wyssenseilbahnen.com\/wp-content\/uploads\/2023\/08\/cropped-wyssen_sb_4c.png","width":1040,"height":155,"caption":"Wyssen Seilbahnen AG"},"image":{"@id":"https:\/\/www.wyssenseilbahnen.com\/ro\/#\/schema\/logo\/image\/"},"sameAs":["https:\/\/www.facebook.com\/wyssenseilbahnen"]}]}},"_links":{"self":[{"href":"https:\/\/www.wyssenseilbahnen.com\/ro\/wp-json\/wp\/v2\/pages\/34942","targetHints":{"allow":["GET"]}}],"collection":[{"href":"https:\/\/www.wyssenseilbahnen.com\/ro\/wp-json\/wp\/v2\/pages"}],"about":[{"href":"https:\/\/www.wyssenseilbahnen.com\/ro\/wp-json\/wp\/v2\/types\/page"}],"author":[{"embeddable":true,"href":"https:\/\/www.wyssenseilbahnen.com\/ro\/wp-json\/wp\/v2\/users\/2"}],"replies":[{"embeddable":true,"href":"https:\/\/www.wyssenseilbahnen.com\/ro\/wp-json\/wp\/v2\/comments?post=34942"}],"version-history":[{"count":7,"href":"https:\/\/www.wyssenseilbahnen.com\/ro\/wp-json\/wp\/v2\/pages\/34942\/revisions"}],"predecessor-version":[{"id":35980,"href":"https:\/\/www.wyssenseilbahnen.com\/ro\/wp-json\/wp\/v2\/pages\/34942\/revisions\/35980"}],"wp:attachment":[{"href":"https:\/\/www.wyssenseilbahnen.com\/ro\/wp-json\/wp\/v2\/media?parent=34942"}],"curies":[{"name":"wp","href":"https:\/\/api.w.org\/{rel}","templated":true}]}}