{"id":34934,"date":"2023-12-19T06:10:34","date_gmt":"2023-12-19T06:10:34","guid":{"rendered":"https:\/\/nostalgic-wescoff.185-125-174-90.plesk.page\/funiculare-pentru-constructii\/"},"modified":"2024-07-24T04:27:26","modified_gmt":"2024-07-24T04:27:26","slug":"funiculare-pentru-constructii","status":"publish","type":"page","link":"https:\/\/www.wyssenseilbahnen.com\/ro\/funiculare-pentru-constructii\/","title":{"rendered":"Funiculare pentru Construc\u021bii"},"content":{"rendered":"\t\t<div data-elementor-type=\"wp-page\" data-elementor-id=\"34934\" class=\"elementor elementor-34934 elementor-32368\" data-elementor-post-type=\"page\">\n\t\t\t\t\t\t<section class=\"elementor-section elementor-top-section elementor-element elementor-element-ebef11c elementor-section-stretched elementor-section-boxed elementor-section-height-default elementor-section-height-default\" data-id=\"ebef11c\" data-element_type=\"section\" data-e-type=\"section\" data-settings=\"{&quot;stretch_section&quot;:&quot;section-stretched&quot;,&quot;background_background&quot;:&quot;classic&quot;}\">\n\t\t\t\t\t\t<div class=\"elementor-container elementor-column-gap-default\">\n\t\t\t\t\t<div class=\"elementor-column elementor-col-100 elementor-top-column elementor-element elementor-element-1771a3e\" data-id=\"1771a3e\" data-element_type=\"column\" data-e-type=\"column\" data-settings=\"{&quot;background_background&quot;:&quot;classic&quot;}\">\n\t\t\t<div class=\"elementor-widget-wrap elementor-element-populated\">\n\t\t\t\t\t\t<div class=\"elementor-element elementor-element-2455304 elementor-widget elementor-widget-heading\" data-id=\"2455304\" data-element_type=\"widget\" data-e-type=\"widget\" data-widget_type=\"heading.default\">\n\t\t\t\t<div class=\"elementor-widget-container\">\n\t\t\t\t\t<h1 class=\"elementor-heading-title elementor-size-default\">FUNICULARE PENTRU CONSTRUC\u021aII<\/h1>\t\t\t\t<\/div>\n\t\t\t\t<\/div>\n\t\t\t\t\t<\/div>\n\t\t<\/div>\n\t\t\t\t\t<\/div>\n\t\t<\/section>\n\t\t\t\t<section class=\"elementor-section elementor-top-section elementor-element elementor-element-42225261 elementor-section-stretched elementor-section-full_width elementor-section-height-default elementor-section-height-default\" data-id=\"42225261\" data-element_type=\"section\" data-e-type=\"section\" data-settings=\"{&quot;stretch_section&quot;:&quot;section-stretched&quot;}\">\n\t\t\t\t\t\t\t<div class=\"elementor-background-overlay\"><\/div>\n\t\t\t\t\t\t\t<div class=\"elementor-container elementor-column-gap-default\">\n\t\t\t\t\t<div class=\"elementor-column elementor-col-100 elementor-top-column elementor-element elementor-element-7d04ffc\" data-id=\"7d04ffc\" data-element_type=\"column\" data-e-type=\"column\">\n\t\t\t<div class=\"elementor-widget-wrap elementor-element-populated\">\n\t\t\t\t\t\t<div class=\"elementor-element elementor-element-0ab6bdb elementor-widget elementor-widget-spacer\" data-id=\"0ab6bdb\" data-element_type=\"widget\" data-e-type=\"widget\" data-widget_type=\"spacer.default\">\n\t\t\t\t<div class=\"elementor-widget-container\">\n\t\t\t\t\t\t\t<div class=\"elementor-spacer\">\n\t\t\t<div class=\"elementor-spacer-inner\"><\/div>\n\t\t<\/div>\n\t\t\t\t\t\t<\/div>\n\t\t\t\t<\/div>\n\t\t\t\t<section class=\"elementor-section elementor-inner-section elementor-element elementor-element-3e52703 elementor-section-boxed elementor-section-height-default elementor-section-height-default\" data-id=\"3e52703\" data-element_type=\"section\" data-e-type=\"section\">\n\t\t\t\t\t\t<div class=\"elementor-container elementor-column-gap-default\">\n\t\t\t\t\t<div class=\"elementor-column elementor-col-100 elementor-inner-column elementor-element elementor-element-5216d65\" data-id=\"5216d65\" data-element_type=\"column\" data-e-type=\"column\">\n\t\t\t<div class=\"elementor-widget-wrap elementor-element-populated\">\n\t\t\t\t\t\t<div class=\"elementor-element elementor-element-02982f4 elementor-widget elementor-widget-text-editor\" data-id=\"02982f4\" data-element_type=\"widget\" data-e-type=\"widget\" data-widget_type=\"text-editor.default\">\n\t\t\t\t<div class=\"elementor-widget-container\">\n\t\t\t\t\t\t\t\t\t<h3>Macaraua cu cablu pentru construc\u021bii Wyssen a fost special dezvoltat\u0103 pentru \u0219antierele de construc\u021bii exigente cu performan\u021be mai mari \u0219i este ideal\u0103 pentru construc\u021bii \u0219i transportul de materiale grele.<\/h3>\n\t\t\t\t\t\t\t\t<\/div>\n\t\t\t\t<\/div>\n\t\t\t\t\t<\/div>\n\t\t<\/div>\n\t\t\t\t\t<\/div>\n\t\t<\/section>\n\t\t\t\t<div class=\"elementor-element elementor-element-0e38b6f elementor-widget elementor-widget-spacer\" data-id=\"0e38b6f\" data-element_type=\"widget\" data-e-type=\"widget\" data-widget_type=\"spacer.default\">\n\t\t\t\t<div class=\"elementor-widget-container\">\n\t\t\t\t\t\t\t<div class=\"elementor-spacer\">\n\t\t\t<div class=\"elementor-spacer-inner\"><\/div>\n\t\t<\/div>\n\t\t\t\t\t\t<\/div>\n\t\t\t\t<\/div>\n\t\t\t\t<section class=\"elementor-section elementor-inner-section elementor-element elementor-element-6f9eb927 elementor-section-boxed elementor-section-height-default elementor-section-height-default\" data-id=\"6f9eb927\" data-element_type=\"section\" data-e-type=\"section\">\n\t\t\t\t\t\t<div class=\"elementor-container elementor-column-gap-default\">\n\t\t\t\t\t<div class=\"elementor-column elementor-col-50 elementor-inner-column elementor-element elementor-element-77bfa08a\" data-id=\"77bfa08a\" data-element_type=\"column\" data-e-type=\"column\">\n\t\t\t<div class=\"elementor-widget-wrap elementor-element-populated\">\n\t\t\t\t\t\t<div class=\"elementor-element elementor-element-792eeb7b elementor-position-top elementor-widget elementor-widget-image-box\" data-id=\"792eeb7b\" data-element_type=\"widget\" data-e-type=\"widget\" data-widget_type=\"image-box.default\">\n\t\t\t\t<div class=\"elementor-widget-container\">\n\t\t\t\t\t<div class=\"elementor-image-box-wrapper\"><figure class=\"elementor-image-box-img\"><a href=\"https:\/\/www.wyssenseilbahnen.com\/ro\/funiculare-pentru-constructii\/funiculare-motorizate\/\" tabindex=\"-1\"><img fetchpriority=\"high\" decoding=\"async\" width=\"1000\" height=\"1000\" src=\"https:\/\/www.wyssenseilbahnen.com\/wp-content\/uploads\/2023\/05\/msk_menu.jpg\" class=\"attachment-1536x1536 size-1536x1536 wp-image-32468\" alt=\"Bauseilkran - Menu Motorseilkran\" srcset=\"https:\/\/www.wyssenseilbahnen.com\/wp-content\/uploads\/2023\/05\/msk_menu.jpg 1000w, https:\/\/www.wyssenseilbahnen.com\/wp-content\/uploads\/2023\/05\/msk_menu-300x300.jpg 300w, https:\/\/www.wyssenseilbahnen.com\/wp-content\/uploads\/2023\/05\/msk_menu-150x150.jpg 150w, https:\/\/www.wyssenseilbahnen.com\/wp-content\/uploads\/2023\/05\/msk_menu-768x768.jpg 768w\" sizes=\"(max-width: 1000px) 100vw, 1000px\" \/><\/a><\/figure><div class=\"elementor-image-box-content\"><h4 class=\"elementor-image-box-title\"><a href=\"https:\/\/www.wyssenseilbahnen.com\/ro\/funiculare-pentru-constructii\/funiculare-motorizate\/\">FUNICULARE MOTORIZATE<\/a><\/h4><p class=\"elementor-image-box-description\"><br>Mai mult\u0103 for\u021b\u0103 la ridicarea sarcinilor, mai mult\u0103 capacitate de \u00cenf\u0103surare a cablului, performan\u021b\u0103 m\u0103rit\u0103 - Funiculare Motorizate Wyssen.<\/p><\/div><\/div>\t\t\t\t<\/div>\n\t\t\t\t<\/div>\n\t\t\t\t\t<\/div>\n\t\t<\/div>\n\t\t\t\t<div class=\"elementor-column elementor-col-50 elementor-inner-column elementor-element elementor-element-17adaf3e\" data-id=\"17adaf3e\" data-element_type=\"column\" data-e-type=\"column\">\n\t\t\t<div class=\"elementor-widget-wrap elementor-element-populated\">\n\t\t\t\t\t\t<div class=\"elementor-element elementor-element-ecd67b3 elementor-position-top elementor-widget elementor-widget-image-box\" data-id=\"ecd67b3\" data-element_type=\"widget\" data-e-type=\"widget\" data-widget_type=\"image-box.default\">\n\t\t\t\t<div class=\"elementor-widget-container\">\n\t\t\t\t\t<div class=\"elementor-image-box-wrapper\"><figure class=\"elementor-image-box-img\"><a href=\"https:\/\/www.wyssenseilbahnen.com\/ro\/funiculare-pentru-constructii\/carucior-cu-carucior-de-urmarire-si-bara-de-transport\/\" tabindex=\"-1\"><img decoding=\"async\" width=\"1000\" height=\"1000\" src=\"https:\/\/www.wyssenseilbahnen.com\/wp-content\/uploads\/2023\/05\/lw_nachlaufwagen_transportbalken_menu.jpg\" class=\"attachment-1536x1536 size-1536x1536 wp-image-32471\" alt=\"Bauseilkran - Menu LW mit Nachlaufwagen\" srcset=\"https:\/\/www.wyssenseilbahnen.com\/wp-content\/uploads\/2023\/05\/lw_nachlaufwagen_transportbalken_menu.jpg 1000w, https:\/\/www.wyssenseilbahnen.com\/wp-content\/uploads\/2023\/05\/lw_nachlaufwagen_transportbalken_menu-300x300.jpg 300w, https:\/\/www.wyssenseilbahnen.com\/wp-content\/uploads\/2023\/05\/lw_nachlaufwagen_transportbalken_menu-150x150.jpg 150w, https:\/\/www.wyssenseilbahnen.com\/wp-content\/uploads\/2023\/05\/lw_nachlaufwagen_transportbalken_menu-768x768.jpg 768w\" sizes=\"(max-width: 1000px) 100vw, 1000px\" \/><\/a><\/figure><div class=\"elementor-image-box-content\"><h4 class=\"elementor-image-box-title\"><a href=\"https:\/\/www.wyssenseilbahnen.com\/ro\/funiculare-pentru-constructii\/carucior-cu-carucior-de-urmarire-si-bara-de-transport\/\">C\u0102RUCIOARE PENTRU \u0218ANTIERE DE CONSTRUC\u021aII<\/a><\/h4><p class=\"elementor-image-box-description\"><br> C\u0103rucioare pentru \u0219antiere de construc\u021bii.<\/p><\/div><\/div>\t\t\t\t<\/div>\n\t\t\t\t<\/div>\n\t\t\t\t\t<\/div>\n\t\t<\/div>\n\t\t\t\t\t<\/div>\n\t\t<\/section>\n\t\t\t\t<div class=\"elementor-element elementor-element-10d38d83 elementor-widget elementor-widget-spacer\" data-id=\"10d38d83\" data-element_type=\"widget\" data-e-type=\"widget\" data-widget_type=\"spacer.default\">\n\t\t\t\t<div class=\"elementor-widget-container\">\n\t\t\t\t\t\t\t<div class=\"elementor-spacer\">\n\t\t\t<div class=\"elementor-spacer-inner\"><\/div>\n\t\t<\/div>\n\t\t\t\t\t\t<\/div>\n\t\t\t\t<\/div>\n\t\t\t\t\t<\/div>\n\t\t<\/div>\n\t\t\t\t\t<\/div>\n\t\t<\/section>\n\t\t\t\t<\/div>\n\t\t","protected":false},"excerpt":{"rendered":"<p>FUNICULARE PENTRU CONSTRUC\u021aII Macaraua cu cablu pentru construc\u021bii Wyssen a fost special dezvoltat\u0103 pentru \u0219antierele de construc\u021bii exigente cu performan\u021be mai mari \u0219i este ideal\u0103 pentru construc\u021bii \u0219i transportul de materiale grele. FUNICULARE MOTORIZATE Mai mult\u0103 for\u021b\u0103 la ridicarea sarcinilor, mai mult\u0103 capacitate de \u00cenf\u0103surare a cablului, performan\u021b\u0103 m\u0103rit\u0103 &#8211; Funiculare Motorizate Wyssen. C\u0102RUCIOARE PENTRU [&hellip;]<\/p>\n","protected":false},"author":2,"featured_media":0,"parent":0,"menu_order":0,"comment_status":"closed","ping_status":"closed","template":"","meta":{"site-sidebar-layout":"no-sidebar","site-content-layout":"page-builder","ast-site-content-layout":"full-width-container","site-content-style":"unboxed","site-sidebar-style":"unboxed","ast-global-header-display":"","ast-banner-title-visibility":"","ast-main-header-display":"","ast-hfb-above-header-display":"","ast-hfb-below-header-display":"","ast-hfb-mobile-header-display":"","site-post-title":"disabled","ast-breadcrumbs-content":"","ast-featured-img":"disabled","footer-sml-layout":"","theme-transparent-header-meta":"","adv-header-id-meta":"","stick-header-meta":"","header-above-stick-meta":"","header-main-stick-meta":"","header-below-stick-meta":"","astra-migrate-meta-layouts":"default","ast-page-background-enabled":"default","ast-page-background-meta":{"desktop":{"background-color":"var(--ast-global-color-4)","background-image":"","background-repeat":"repeat","background-position":"center center","background-size":"auto","background-attachment":"scroll","background-type":"","background-media":"","overlay-type":"","overlay-color":"","overlay-opacity":"","overlay-gradient":""},"tablet":{"background-color":"","background-image":"","background-repeat":"repeat","background-position":"center center","background-size":"auto","background-attachment":"scroll","background-type":"","background-media":"","overlay-type":"","overlay-color":"","overlay-opacity":"","overlay-gradient":""},"mobile":{"background-color":"","background-image":"","background-repeat":"repeat","background-position":"center center","background-size":"auto","background-attachment":"scroll","background-type":"","background-media":"","overlay-type":"","overlay-color":"","overlay-opacity":"","overlay-gradient":""}},"ast-content-background-meta":{"desktop":{"background-color":"var(--ast-global-color-5)","background-image":"","background-repeat":"repeat","background-position":"center center","background-size":"auto","background-attachment":"scroll","background-type":"","background-media":"","overlay-type":"","overlay-color":"","overlay-opacity":"","overlay-gradient":""},"tablet":{"background-color":"var(--ast-global-color-5)","background-image":"","background-repeat":"repeat","background-position":"center center","background-size":"auto","background-attachment":"scroll","background-type":"","background-media":"","overlay-type":"","overlay-color":"","overlay-opacity":"","overlay-gradient":""},"mobile":{"background-color":"var(--ast-global-color-5)","background-image":"","background-repeat":"repeat","background-position":"center center","background-size":"auto","background-attachment":"scroll","background-type":"","background-media":"","overlay-type":"","overlay-color":"","overlay-opacity":"","overlay-gradient":""}},"footnotes":""},"class_list":["post-34934","page","type-page","status-publish","hentry"],"yoast_head":"<!-- This site is optimized with the Yoast SEO plugin v27.5 - https:\/\/yoast.com\/product\/yoast-seo-wordpress\/ -->\n<title>Funiculare pentru Construc\u021bii &#8226; Wyssen Seilbahnen AG<\/title>\n<meta name=\"description\" content=\"Macaraua cu cablu pentru construc\u021bii Wyssen a fost special dezvoltat\u0103 pentru \u0219antierele de construc\u021bii exigente cu performan\u021be mai mari \u0219i este ideal\u0103 pentru construc\u021bii \u0219i transportul de materiale grele.\" \/>\n<meta name=\"robots\" content=\"index, follow, max-snippet:-1, max-image-preview:large, max-video-preview:-1\" \/>\n<link rel=\"canonical\" href=\"https:\/\/www.wyssenseilbahnen.com\/ro\/funiculare-pentru-constructii\/\" \/>\n<meta property=\"og:locale\" content=\"ro_RO\" \/>\n<meta property=\"og:type\" content=\"article\" \/>\n<meta property=\"og:title\" content=\"Funiculare pentru Construc\u021bii &#8226; Wyssen Seilbahnen AG\" \/>\n<meta property=\"og:description\" content=\"Macaraua cu cablu pentru construc\u021bii Wyssen a fost special dezvoltat\u0103 pentru \u0219antierele de construc\u021bii exigente cu performan\u021be mai mari \u0219i este ideal\u0103 pentru construc\u021bii \u0219i transportul de materiale grele.\" \/>\n<meta property=\"og:url\" content=\"https:\/\/www.wyssenseilbahnen.com\/ro\/funiculare-pentru-constructii\/\" \/>\n<meta property=\"og:site_name\" content=\"Wyssen Seilbahnen AG\" \/>\n<meta property=\"article:publisher\" content=\"https:\/\/www.facebook.com\/wyssenseilbahnen\" \/>\n<meta property=\"article:modified_time\" content=\"2024-07-24T04:27:26+00:00\" \/>\n<meta property=\"og:image\" content=\"https:\/\/www.wyssenseilbahnen.com\/wp-content\/uploads\/2023\/05\/msk_menu.jpg\" \/>\n<meta name=\"twitter:card\" content=\"summary_large_image\" \/>\n<script type=\"application\/ld+json\" class=\"yoast-schema-graph\">{\"@context\":\"https:\\\/\\\/schema.org\",\"@graph\":[{\"@type\":\"WebPage\",\"@id\":\"https:\\\/\\\/www.wyssenseilbahnen.com\\\/ro\\\/funiculare-pentru-constructii\\\/\",\"url\":\"https:\\\/\\\/www.wyssenseilbahnen.com\\\/ro\\\/funiculare-pentru-constructii\\\/\",\"name\":\"Funiculare pentru Construc\u021bii &#8226; Wyssen Seilbahnen AG\",\"isPartOf\":{\"@id\":\"https:\\\/\\\/www.wyssenseilbahnen.com\\\/ro\\\/#website\"},\"primaryImageOfPage\":{\"@id\":\"https:\\\/\\\/www.wyssenseilbahnen.com\\\/ro\\\/funiculare-pentru-constructii\\\/#primaryimage\"},\"image\":{\"@id\":\"https:\\\/\\\/www.wyssenseilbahnen.com\\\/ro\\\/funiculare-pentru-constructii\\\/#primaryimage\"},\"thumbnailUrl\":\"https:\\\/\\\/www.wyssenseilbahnen.com\\\/wp-content\\\/uploads\\\/2023\\\/05\\\/msk_menu.jpg\",\"datePublished\":\"2023-12-19T06:10:34+00:00\",\"dateModified\":\"2024-07-24T04:27:26+00:00\",\"description\":\"Macaraua cu cablu pentru construc\u021bii Wyssen a fost special dezvoltat\u0103 pentru \u0219antierele de construc\u021bii exigente cu performan\u021be mai mari \u0219i este ideal\u0103 pentru construc\u021bii \u0219i transportul de materiale grele.\",\"breadcrumb\":{\"@id\":\"https:\\\/\\\/www.wyssenseilbahnen.com\\\/ro\\\/funiculare-pentru-constructii\\\/#breadcrumb\"},\"inLanguage\":\"ro-RO\",\"potentialAction\":[{\"@type\":\"ReadAction\",\"target\":[\"https:\\\/\\\/www.wyssenseilbahnen.com\\\/ro\\\/funiculare-pentru-constructii\\\/\"]}]},{\"@type\":\"ImageObject\",\"inLanguage\":\"ro-RO\",\"@id\":\"https:\\\/\\\/www.wyssenseilbahnen.com\\\/ro\\\/funiculare-pentru-constructii\\\/#primaryimage\",\"url\":\"https:\\\/\\\/www.wyssenseilbahnen.com\\\/wp-content\\\/uploads\\\/2023\\\/05\\\/msk_menu.jpg\",\"contentUrl\":\"https:\\\/\\\/www.wyssenseilbahnen.com\\\/wp-content\\\/uploads\\\/2023\\\/05\\\/msk_menu.jpg\"},{\"@type\":\"BreadcrumbList\",\"@id\":\"https:\\\/\\\/www.wyssenseilbahnen.com\\\/ro\\\/funiculare-pentru-constructii\\\/#breadcrumb\",\"itemListElement\":[{\"@type\":\"ListItem\",\"position\":1,\"name\":\"Startseite\",\"item\":\"https:\\\/\\\/www.wyssenseilbahnen.com\\\/ro\\\/wyssen-seilbahnen-ag\\\/\"},{\"@type\":\"ListItem\",\"position\":2,\"name\":\"Funiculare pentru Construc\u021bii\"}]},{\"@type\":\"WebSite\",\"@id\":\"https:\\\/\\\/www.wyssenseilbahnen.com\\\/ro\\\/#website\",\"url\":\"https:\\\/\\\/www.wyssenseilbahnen.com\\\/ro\\\/\",\"name\":\"Wyssen Seilbahnen AG\",\"description\":\"Materialtransport in anspruchsvollem Gel\u00e4nde\",\"publisher\":{\"@id\":\"https:\\\/\\\/www.wyssenseilbahnen.com\\\/ro\\\/#organization\"},\"potentialAction\":[{\"@type\":\"SearchAction\",\"target\":{\"@type\":\"EntryPoint\",\"urlTemplate\":\"https:\\\/\\\/www.wyssenseilbahnen.com\\\/ro\\\/?s={search_term_string}\"},\"query-input\":{\"@type\":\"PropertyValueSpecification\",\"valueRequired\":true,\"valueName\":\"search_term_string\"}}],\"inLanguage\":\"ro-RO\"},{\"@type\":\"Organization\",\"@id\":\"https:\\\/\\\/www.wyssenseilbahnen.com\\\/ro\\\/#organization\",\"name\":\"Wyssen Seilbahnen AG\",\"url\":\"https:\\\/\\\/www.wyssenseilbahnen.com\\\/ro\\\/\",\"logo\":{\"@type\":\"ImageObject\",\"inLanguage\":\"ro-RO\",\"@id\":\"https:\\\/\\\/www.wyssenseilbahnen.com\\\/ro\\\/#\\\/schema\\\/logo\\\/image\\\/\",\"url\":\"https:\\\/\\\/www.wyssenseilbahnen.com\\\/wp-content\\\/uploads\\\/2023\\\/08\\\/cropped-wyssen_sb_4c.png\",\"contentUrl\":\"https:\\\/\\\/www.wyssenseilbahnen.com\\\/wp-content\\\/uploads\\\/2023\\\/08\\\/cropped-wyssen_sb_4c.png\",\"width\":1040,\"height\":155,\"caption\":\"Wyssen Seilbahnen AG\"},\"image\":{\"@id\":\"https:\\\/\\\/www.wyssenseilbahnen.com\\\/ro\\\/#\\\/schema\\\/logo\\\/image\\\/\"},\"sameAs\":[\"https:\\\/\\\/www.facebook.com\\\/wyssenseilbahnen\"]}]}<\/script>\n<!-- \/ Yoast SEO plugin. -->","yoast_head_json":{"title":"Funiculare pentru Construc\u021bii &#8226; Wyssen Seilbahnen AG","description":"Macaraua cu cablu pentru construc\u021bii Wyssen a fost special dezvoltat\u0103 pentru \u0219antierele de construc\u021bii exigente cu performan\u021be mai mari \u0219i este ideal\u0103 pentru construc\u021bii \u0219i transportul de materiale grele.","robots":{"index":"index","follow":"follow","max-snippet":"max-snippet:-1","max-image-preview":"max-image-preview:large","max-video-preview":"max-video-preview:-1"},"canonical":"https:\/\/www.wyssenseilbahnen.com\/ro\/funiculare-pentru-constructii\/","og_locale":"ro_RO","og_type":"article","og_title":"Funiculare pentru Construc\u021bii &#8226; Wyssen Seilbahnen AG","og_description":"Macaraua cu cablu pentru construc\u021bii Wyssen a fost special dezvoltat\u0103 pentru \u0219antierele de construc\u021bii exigente cu performan\u021be mai mari \u0219i este ideal\u0103 pentru construc\u021bii \u0219i transportul de materiale grele.","og_url":"https:\/\/www.wyssenseilbahnen.com\/ro\/funiculare-pentru-constructii\/","og_site_name":"Wyssen Seilbahnen AG","article_publisher":"https:\/\/www.facebook.com\/wyssenseilbahnen","article_modified_time":"2024-07-24T04:27:26+00:00","og_image":[{"url":"https:\/\/www.wyssenseilbahnen.com\/wp-content\/uploads\/2023\/05\/msk_menu.jpg","type":"","width":"","height":""}],"twitter_card":"summary_large_image","schema":{"@context":"https:\/\/schema.org","@graph":[{"@type":"WebPage","@id":"https:\/\/www.wyssenseilbahnen.com\/ro\/funiculare-pentru-constructii\/","url":"https:\/\/www.wyssenseilbahnen.com\/ro\/funiculare-pentru-constructii\/","name":"Funiculare pentru Construc\u021bii &#8226; Wyssen Seilbahnen AG","isPartOf":{"@id":"https:\/\/www.wyssenseilbahnen.com\/ro\/#website"},"primaryImageOfPage":{"@id":"https:\/\/www.wyssenseilbahnen.com\/ro\/funiculare-pentru-constructii\/#primaryimage"},"image":{"@id":"https:\/\/www.wyssenseilbahnen.com\/ro\/funiculare-pentru-constructii\/#primaryimage"},"thumbnailUrl":"https:\/\/www.wyssenseilbahnen.com\/wp-content\/uploads\/2023\/05\/msk_menu.jpg","datePublished":"2023-12-19T06:10:34+00:00","dateModified":"2024-07-24T04:27:26+00:00","description":"Macaraua cu cablu pentru construc\u021bii Wyssen a fost special dezvoltat\u0103 pentru \u0219antierele de construc\u021bii exigente cu performan\u021be mai mari \u0219i este ideal\u0103 pentru construc\u021bii \u0219i transportul de materiale grele.","breadcrumb":{"@id":"https:\/\/www.wyssenseilbahnen.com\/ro\/funiculare-pentru-constructii\/#breadcrumb"},"inLanguage":"ro-RO","potentialAction":[{"@type":"ReadAction","target":["https:\/\/www.wyssenseilbahnen.com\/ro\/funiculare-pentru-constructii\/"]}]},{"@type":"ImageObject","inLanguage":"ro-RO","@id":"https:\/\/www.wyssenseilbahnen.com\/ro\/funiculare-pentru-constructii\/#primaryimage","url":"https:\/\/www.wyssenseilbahnen.com\/wp-content\/uploads\/2023\/05\/msk_menu.jpg","contentUrl":"https:\/\/www.wyssenseilbahnen.com\/wp-content\/uploads\/2023\/05\/msk_menu.jpg"},{"@type":"BreadcrumbList","@id":"https:\/\/www.wyssenseilbahnen.com\/ro\/funiculare-pentru-constructii\/#breadcrumb","itemListElement":[{"@type":"ListItem","position":1,"name":"Startseite","item":"https:\/\/www.wyssenseilbahnen.com\/ro\/wyssen-seilbahnen-ag\/"},{"@type":"ListItem","position":2,"name":"Funiculare pentru Construc\u021bii"}]},{"@type":"WebSite","@id":"https:\/\/www.wyssenseilbahnen.com\/ro\/#website","url":"https:\/\/www.wyssenseilbahnen.com\/ro\/","name":"Wyssen Seilbahnen AG","description":"Materialtransport in anspruchsvollem Gel\u00e4nde","publisher":{"@id":"https:\/\/www.wyssenseilbahnen.com\/ro\/#organization"},"potentialAction":[{"@type":"SearchAction","target":{"@type":"EntryPoint","urlTemplate":"https:\/\/www.wyssenseilbahnen.com\/ro\/?s={search_term_string}"},"query-input":{"@type":"PropertyValueSpecification","valueRequired":true,"valueName":"search_term_string"}}],"inLanguage":"ro-RO"},{"@type":"Organization","@id":"https:\/\/www.wyssenseilbahnen.com\/ro\/#organization","name":"Wyssen Seilbahnen AG","url":"https:\/\/www.wyssenseilbahnen.com\/ro\/","logo":{"@type":"ImageObject","inLanguage":"ro-RO","@id":"https:\/\/www.wyssenseilbahnen.com\/ro\/#\/schema\/logo\/image\/","url":"https:\/\/www.wyssenseilbahnen.com\/wp-content\/uploads\/2023\/08\/cropped-wyssen_sb_4c.png","contentUrl":"https:\/\/www.wyssenseilbahnen.com\/wp-content\/uploads\/2023\/08\/cropped-wyssen_sb_4c.png","width":1040,"height":155,"caption":"Wyssen Seilbahnen AG"},"image":{"@id":"https:\/\/www.wyssenseilbahnen.com\/ro\/#\/schema\/logo\/image\/"},"sameAs":["https:\/\/www.facebook.com\/wyssenseilbahnen"]}]}},"_links":{"self":[{"href":"https:\/\/www.wyssenseilbahnen.com\/ro\/wp-json\/wp\/v2\/pages\/34934","targetHints":{"allow":["GET"]}}],"collection":[{"href":"https:\/\/www.wyssenseilbahnen.com\/ro\/wp-json\/wp\/v2\/pages"}],"about":[{"href":"https:\/\/www.wyssenseilbahnen.com\/ro\/wp-json\/wp\/v2\/types\/page"}],"author":[{"embeddable":true,"href":"https:\/\/www.wyssenseilbahnen.com\/ro\/wp-json\/wp\/v2\/users\/2"}],"replies":[{"embeddable":true,"href":"https:\/\/www.wyssenseilbahnen.com\/ro\/wp-json\/wp\/v2\/comments?post=34934"}],"version-history":[{"count":7,"href":"https:\/\/www.wyssenseilbahnen.com\/ro\/wp-json\/wp\/v2\/pages\/34934\/revisions"}],"predecessor-version":[{"id":35968,"href":"https:\/\/www.wyssenseilbahnen.com\/ro\/wp-json\/wp\/v2\/pages\/34934\/revisions\/35968"}],"wp:attachment":[{"href":"https:\/\/www.wyssenseilbahnen.com\/ro\/wp-json\/wp\/v2\/media?parent=34934"}],"curies":[{"name":"wp","href":"https:\/\/api.w.org\/{rel}","templated":true}]}}